{"id":1032,"date":"2018-04-26T10:51:25","date_gmt":"2018-04-26T10:51:25","guid":{"rendered":"http:\/\/ol-land.gewweserems.de\/?page_id=1032"},"modified":"2018-05-22T18:47:49","modified_gmt":"2018-05-22T18:47:49","slug":"personalrats-hotline","status":"publish","type":"page","link":"https:\/\/ol-land.gewweserems.de\/?page_id=1032","title":{"rendered":"Hotline f\u00fcr PR-Fragen"},"content":{"rendered":"<p>Anke Sch\u00f6nfeld, Mitglied in unserem Vorstandsteam und langj\u00e4hrige Personalr\u00e4tin, bietet eine Hotline f\u00fcr Personalratsfragen an:<\/p>\n<p>Telefonnummer 04407-916299<\/p>\n<p>E-Mail \u00a0 \u00a0fragdiegew@ewe.net<\/p>\n<p>&nbsp;<\/p>\n<p><a href=\"http:\/\/ol-land.gewweserems.de\/wp-content\/uploads\/2018\/04\/questions-2212771_1280.jpg\"><img loading=\"lazy\" decoding=\"async\" class=\"alignnone size-medium wp-image-1036\" src=\"http:\/\/ol-land.gewweserems.de\/wp-content\/uploads\/2018\/04\/questions-2212771_1280-300x199.jpg\" alt=\"\" width=\"300\" height=\"199\" srcset=\"https:\/\/ol-land.gewweserems.de\/wp-content\/uploads\/2018\/04\/questions-2212771_1280-300x199.jpg 300w, https:\/\/ol-land.gewweserems.de\/wp-content\/uploads\/2018\/04\/questions-2212771_1280-768x511.jpg 768w, https:\/\/ol-land.gewweserems.de\/wp-content\/uploads\/2018\/04\/questions-2212771_1280-1024x681.jpg 1024w, https:\/\/ol-land.gewweserems.de\/wp-content\/uploads\/2018\/04\/questions-2212771_1280.jpg 1280w\" sizes=\"(max-width: 300px) 100vw, 300px\" \/><\/a><\/p>\n","protected":false},"excerpt":{"rendered":"<div class=\"mh-excerpt\"><p>Anke Sch\u00f6nfeld, Mitglied in unserem Vorstandsteam und langj\u00e4hrige Personalr\u00e4tin, bietet eine Hotline f\u00fcr Personalratsfragen an: Telefonnummer 04407-916299 E-Mail \u00a0 \u00a0fragdiegew@ewe.net &nbsp;<\/p>\n<\/div>","protected":false},"author":3,"featured_media":1036,"parent":0,"menu_order":0,"comment_status":"closed","ping_status":"closed","template":"","meta":{"footnotes":""},"_links":{"self":[{"href":"https:\/\/ol-land.gewweserems.de\/index.php?rest_route=\/wp\/v2\/pages\/1032"}],"collection":[{"href":"https:\/\/ol-land.gewweserems.de\/index.php?rest_route=\/wp\/v2\/pages"}],"about":[{"href":"https:\/\/ol-land.gewweserems.de\/index.php?rest_route=\/wp\/v2\/types\/page"}],"author":[{"embeddable":true,"href":"https:\/\/ol-land.gewweserems.de\/index.php?rest_route=\/wp\/v2\/users\/3"}],"replies":[{"embeddable":true,"href":"https:\/\/ol-land.gewweserems.de\/index.php?rest_route=%2Fwp%2Fv2%2Fcomments&post=1032"}],"version-history":[{"count":4,"href":"https:\/\/ol-land.gewweserems.de\/index.php?rest_route=\/wp\/v2\/pages\/1032\/revisions"}],"predecessor-version":[{"id":1094,"href":"https:\/\/ol-land.gewweserems.de\/index.php?rest_route=\/wp\/v2\/pages\/1032\/revisions\/1094"}],"wp:featuredmedia":[{"embeddable":true,"href":"https:\/\/ol-land.gewweserems.de\/index.php?rest_route=\/wp\/v2\/media\/1036"}],"wp:attachment":[{"href":"https:\/\/ol-land.gewweserems.de\/index.php?rest_route=%2Fwp%2Fv2%2Fmedia&parent=1032"}],"curies":[{"name":"wp","href":"https:\/\/api.w.org\/{rel}","templated":true}]}}